{"id":7344,"date":"2026-01-03T09:16:11","date_gmt":"2026-01-03T02:16:11","guid":{"rendered":"https:\/\/ahsproperty.vn\/?page_id=7344"},"modified":"2026-01-03T09:18:41","modified_gmt":"2026-01-03T02:18:41","slug":"brand-policy","status":"publish","type":"page","link":"https:\/\/ahsproperty.vn\/en\/brand-policy\/","title":{"rendered":"B\u1ea2O V\u1ec6 TH\u01af\u01a0NG HI\u1ec6U &#038; QUY\u1ec0N S\u1ede H\u1eeeU TR\u00cd TU\u1ec6"},"content":{"rendered":"<h3 data-start=\"228\" data-end=\"259\">1. Quy\u1ec1n s\u1edf h\u1eefu th\u01b0\u01a1ng hi\u1ec7u<\/h3>\n<p data-start=\"260\" data-end=\"446\">AHS Property l\u00e0 th\u01b0\u01a1ng hi\u1ec7u, t\u00ean th\u01b0\u01a1ng m\u1ea1i v\u00e0\/ho\u1eb7c nh\u00e3n hi\u1ec7u thu\u1ed9c quy\u1ec1n s\u1edf h\u1eefu h\u1ee3p ph\u00e1p c\u1ee7a<strong> C\u00f4ng Ty C\u1ed5 Ph\u1ea7n B\u00e2\u0301t \u0110\u00f4\u0323ng Sa\u0309n AHS<\/strong><br data-start=\"379\" data-end=\"382\" \/>M\u1ecdi y\u1ebfu t\u1ed1 nh\u1eadn di\u1ec7n th\u01b0\u01a1ng hi\u1ec7u bao g\u1ed3m nh\u01b0ng kh\u00f4ng gi\u1edbi h\u1ea1n:<\/p>\n<ul data-start=\"447\" data-end=\"601\">\n<li data-start=\"447\" data-end=\"481\">\n<p data-start=\"449\" data-end=\"481\">T\u00ean th\u01b0\u01a1ng hi\u1ec7u \u201cAHS Property\u201d<\/p>\n<\/li>\n<li data-start=\"482\" data-end=\"510\">\n<p data-start=\"484\" data-end=\"510\">Logo, bi\u1ec3u tr\u01b0ng, slogan<\/p>\n<\/li>\n<li data-start=\"511\" data-end=\"552\">\n<p data-start=\"513\" data-end=\"552\">M\u00e0u s\u1eafc nh\u1eadn di\u1ec7n, thi\u1ebft k\u1ebf giao di\u1ec7n<\/p>\n<\/li>\n<li data-start=\"553\" data-end=\"601\">\n<p data-start=\"555\" data-end=\"601\">H\u00ecnh \u1ea3nh, video, \u0111\u1ed3 h\u1ecda, b\u1ea3n v\u1ebd, s\u01a1 \u0111\u1ed3 d\u1ef1 \u00e1n<\/p>\n<\/li>\n<\/ul>\n<p data-start=\"603\" data-end=\"721\">\u0111\u1ec1u \u0111\u01b0\u1ee3c b\u1ea3o h\u1ed9 theo quy \u0111\u1ecbnh c\u1ee7a ph\u00e1p lu\u1eadt Vi\u1ec7t Nam v\u1ec1 <strong data-start=\"659\" data-end=\"677\">s\u1edf h\u1eefu tr\u00ed tu\u1ec7<\/strong> v\u00e0 c\u00e1c \u0111i\u1ec1u \u01b0\u1edbc qu\u1ed1c t\u1ebf li\u00ean quan (n\u1ebfu c\u00f3).<\/p>\n<hr data-start=\"723\" data-end=\"726\" \/>\n<h3 data-start=\"728\" data-end=\"757\">2. Quy\u1ec1n s\u1eed d\u1ee5ng n\u1ed9i dung<\/h3>\n<p data-start=\"758\" data-end=\"1031\">To\u00e0n b\u1ed9 n\u1ed9i dung xu\u1ea5t hi\u1ec7n tr\u00ean website, \u1ea5n ph\u1ea9m, n\u1ec1n t\u1ea3ng truy\u1ec1n th\u00f4ng c\u1ee7a AHS Property (bao g\u1ed3m nh\u01b0ng kh\u00f4ng gi\u1edbi h\u1ea1n: v\u0103n b\u1ea3n, h\u00ecnh \u1ea3nh, video, \u00e2m thanh, t\u00e0i li\u1ec7u, b\u00e0i vi\u1ebft, d\u1eef li\u1ec7u d\u1ef1 \u00e1n\u2026) \u0111\u1ec1u thu\u1ed9c quy\u1ec1n s\u1edf h\u1eefu c\u1ee7a AHS Property ho\u1eb7c \u0111\u01b0\u1ee3c s\u1eed d\u1ee5ng h\u1ee3p ph\u00e1p t\u1eeb b\u00ean th\u1ee9 ba.<\/p>\n<p data-start=\"1033\" data-end=\"1058\">Ng\u01b0\u1eddi d\u00f9ng <strong data-start=\"1044\" data-end=\"1057\">\u0111\u01b0\u1ee3c ph\u00e9p<\/strong>:<\/p>\n<ul data-start=\"1059\" data-end=\"1220\">\n<li data-start=\"1059\" data-end=\"1124\">\n<p data-start=\"1061\" data-end=\"1124\">Xem, tham kh\u1ea3o th\u00f4ng tin cho m\u1ee5c \u0111\u00edch c\u00e1 nh\u00e2n, phi th\u01b0\u01a1ng m\u1ea1i<\/p>\n<\/li>\n<li data-start=\"1125\" data-end=\"1220\">\n<p data-start=\"1127\" data-end=\"1220\">Tr\u00edch d\u1eabn n\u1ed9i dung v\u1edbi \u0111i\u1ec1u ki\u1ec7n <strong data-start=\"1160\" data-end=\"1189\">ghi r\u00f5 ngu\u1ed3n AHS Property<\/strong> v\u00e0 kh\u00f4ng l\u00e0m sai l\u1ec7ch n\u1ed9i dung<\/p>\n<\/li>\n<\/ul>\n<p data-start=\"1222\" data-end=\"1253\">Ng\u01b0\u1eddi d\u00f9ng <strong data-start=\"1233\" data-end=\"1252\">kh\u00f4ng \u0111\u01b0\u1ee3c ph\u00e9p<\/strong>:<\/p>\n<ul data-start=\"1254\" data-end=\"1518\">\n<li data-start=\"1254\" data-end=\"1338\">\n<p data-start=\"1256\" data-end=\"1338\">Sao ch\u00e9p, ch\u1ec9nh s\u1eeda, ph\u00e2n ph\u1ed1i, t\u00e1i b\u1ea3n, khai th\u00e1c th\u01b0\u01a1ng m\u1ea1i d\u01b0\u1edbi m\u1ecdi h\u00ecnh th\u1ee9c<\/p>\n<\/li>\n<li data-start=\"1339\" data-end=\"1413\">\n<p data-start=\"1341\" data-end=\"1413\">S\u1eed d\u1ee5ng n\u1ed9i dung cho m\u1ee5c \u0111\u00edch qu\u1ea3ng c\u00e1o, kinh doanh, \u0111\u00e0o t\u1ea1o, m\u00f4i gi\u1edbi<\/p>\n<\/li>\n<li data-start=\"1414\" data-end=\"1518\">\n<p data-start=\"1416\" data-end=\"1518\">G\u1eafn n\u1ed9i dung AHS Property v\u1edbi c\u00e1c th\u00f4ng tin sai l\u1ec7ch, g\u00e2y nh\u1ea7m l\u1eabn ho\u1eb7c \u1ea3nh h\u01b0\u1edfng uy t\u00edn th\u01b0\u01a1ng hi\u1ec7u<\/p>\n<\/li>\n<\/ul>\n<p data-start=\"1520\" data-end=\"1580\">khi <strong data-start=\"1524\" data-end=\"1562\">ch\u01b0a c\u00f3 s\u1ef1 ch\u1ea5p thu\u1eadn b\u1eb1ng v\u0103n b\u1ea3n<\/strong> c\u1ee7a AHS Property.<\/p>\n<hr data-start=\"1582\" data-end=\"1585\" \/>\n<h3 data-start=\"1587\" data-end=\"1629\">3. B\u1ea3o v\u1ec7 th\u01b0\u01a1ng hi\u1ec7u v\u00e0 x\u1eed l\u00fd vi ph\u1ea1m<\/h3>\n<p data-start=\"1630\" data-end=\"1652\">AHS Property c\u00f3 quy\u1ec1n:<\/p>\n<ul data-start=\"1653\" data-end=\"1858\">\n<li data-start=\"1653\" data-end=\"1720\">\n<p data-start=\"1655\" data-end=\"1720\">Y\u00eau c\u1ea7u ch\u1ea5m d\u1ee9t ngay c\u00e1c h\u00e0nh vi x\u00e2m ph\u1ea1m quy\u1ec1n s\u1edf h\u1eefu tr\u00ed tu\u1ec7<\/p>\n<\/li>\n<li data-start=\"1721\" data-end=\"1786\">\n<p data-start=\"1723\" data-end=\"1786\">Y\u00eau c\u1ea7u g\u1ee1 b\u1ecf n\u1ed9i dung vi ph\u1ea1m tr\u00ean c\u00e1c n\u1ec1n t\u1ea3ng truy\u1ec1n th\u00f4ng<\/p>\n<\/li>\n<li data-start=\"1787\" data-end=\"1858\">\n<p data-start=\"1789\" data-end=\"1858\">\u00c1p d\u1ee5ng c\u00e1c bi\u1ec7n ph\u00e1p ph\u00e1p l\u00fd c\u1ea7n thi\u1ebft theo quy \u0111\u1ecbnh c\u1ee7a ph\u00e1p lu\u1eadt<\/p>\n<\/li>\n<\/ul>\n<p data-start=\"1860\" data-end=\"2001\">M\u1ecdi h\u00e0nh vi s\u1eed d\u1ee5ng tr\u00e1i ph\u00e9p th\u01b0\u01a1ng hi\u1ec7u, n\u1ed9i dung ho\u1eb7c g\u00e2y nh\u1ea7m l\u1eabn v\u1edbi AHS Property \u0111\u1ec1u c\u00f3 th\u1ec3 b\u1ecb x\u1eed l\u00fd theo quy \u0111\u1ecbnh ph\u00e1p lu\u1eadt hi\u1ec7n h\u00e0nh.<\/p>\n<hr data-start=\"2003\" data-end=\"2006\" \/>\n<h3 data-start=\"2008\" data-end=\"2035\">4. Thay \u0111\u1ed5i v\u00e0 c\u1eadp nh\u1eadt<\/h3>\n<p data-start=\"2036\" data-end=\"2250\">AHS Property c\u00f3 quy\u1ec1n \u0111i\u1ec1u ch\u1ec9nh, c\u1eadp nh\u1eadt n\u1ed9i dung b\u1ea3o v\u1ec7 th\u01b0\u01a1ng hi\u1ec7u v\u00e0 quy\u1ec1n s\u1eed d\u1ee5ng n\u1ed9i dung n\u00e0y v\u00e0o b\u1ea5t k\u1ef3 th\u1eddi \u0111i\u1ec3m n\u00e0o m\u00e0 kh\u00f4ng c\u1ea7n th\u00f4ng b\u00e1o tr\u01b0\u1edbc.<br data-start=\"2191\" data-end=\"2194\" \/>Phi\u00ean b\u1ea3n c\u1eadp nh\u1eadt s\u1ebd c\u00f3 hi\u1ec7u l\u1ef1c ngay khi \u0111\u01b0\u1ee3c c\u00f4ng b\u1ed1.<\/p>","protected":false},"excerpt":{"rendered":"<p>1. Quy\u1ec1n s\u1edf h\u1eefu th\u01b0\u01a1ng hi\u1ec7u AHS Property l\u00e0 th\u01b0\u01a1ng hi\u1ec7u, t\u00ean th\u01b0\u01a1ng m\u1ea1i v\u00e0\/ho\u1eb7c nh\u00e3n hi\u1ec7u thu\u1ed9c quy\u1ec1n s\u1edf h\u1eefu h\u1ee3p ph\u00e1p c\u1ee7a C\u00f4ng Ty C\u1ed5 Ph\u1ea7n B\u00e2\u0301t \u0110\u00f4\u0323ng Sa\u0309n AHSM\u1ecdi y\u1ebfu t\u1ed1 nh\u1eadn di\u1ec7n th\u01b0\u01a1ng hi\u1ec7u bao g\u1ed3m nh\u01b0ng kh\u00f4ng gi\u1edbi h\u1ea1n: T\u00ean th\u01b0\u01a1ng hi\u1ec7u \u201cAHS Property\u201d Logo, bi\u1ec3u tr\u01b0ng, slogan M\u00e0u s\u1eafc [&hellip;]<\/p>\n","protected":false},"author":7,"featured_media":0,"parent":0,"menu_order":0,"comment_status":"closed","ping_status":"closed","template":"","meta":{"footnotes":""},"class_list":["post-7344","page","type-page","status-publish","hentry","entry"],"_links":{"self":[{"href":"https:\/\/ahsproperty.vn\/en\/wp-json\/wp\/v2\/pages\/7344","targetHints":{"allow":["GET"]}}],"collection":[{"href":"https:\/\/ahsproperty.vn\/en\/wp-json\/wp\/v2\/pages"}],"about":[{"href":"https:\/\/ahsproperty.vn\/en\/wp-json\/wp\/v2\/types\/page"}],"author":[{"embeddable":true,"href":"https:\/\/ahsproperty.vn\/en\/wp-json\/wp\/v2\/users\/7"}],"replies":[{"embeddable":true,"href":"https:\/\/ahsproperty.vn\/en\/wp-json\/wp\/v2\/comments?post=7344"}],"version-history":[{"count":2,"href":"https:\/\/ahsproperty.vn\/en\/wp-json\/wp\/v2\/pages\/7344\/revisions"}],"predecessor-version":[{"id":7346,"href":"https:\/\/ahsproperty.vn\/en\/wp-json\/wp\/v2\/pages\/7344\/revisions\/7346"}],"wp:attachment":[{"href":"https:\/\/ahsproperty.vn\/en\/wp-json\/wp\/v2\/media?parent=7344"}],"curies":[{"name":"wp","href":"https:\/\/api.w.org\/{rel}","templated":true}]}}